{"id":104,"date":"2022-08-05T15:42:28","date_gmt":"2022-08-05T13:42:28","guid":{"rendered":"https:\/\/dpbio.umons.ac.be\/?page_id=104"},"modified":"2022-08-05T15:44:06","modified_gmt":"2022-08-05T13:44:06","slug":"description-generale-du-bachelier","status":"publish","type":"page","link":"https:\/\/dpbio.umons.ac.be\/?page_id=104","title":{"rendered":"Description g\u00e9n\u00e9rale du Bachelier"},"content":{"rendered":"\n<p>Le cycle de Bachelier en biologie permet d\u2019acqu\u00e9rir en 3 grands blocs de cours et de travaux pratiques, r\u00e9partis en <strong>180 cr\u00e9dits<\/strong>, une formation de base qui permettra d\u2019aborder la biologie dans toute sa diversit\u00e9. Ces 3 premiers blocs constituent la premi\u00e8re \u00e9tape de la formation en Master en biologie. La r\u00e9partition entre cours th\u00e9oriques et travaux pratiques\/stages de terrain est d\u2019environ 50%\/50%.<\/p>\n\n\n\n<figure class=\"wp-block-image size-full\"><img decoding=\"async\" loading=\"lazy\" width=\"1024\" height=\"768\" src=\"https:\/\/dpbio.umons.ac.be\/app\/uploads\/2022\/08\/Repartition-cours-et-tp-1024x768-1.jpg\" alt=\"\" class=\"wp-image-107\" srcset=\"https:\/\/dpbio.umons.ac.be\/app\/uploads\/2022\/08\/Repartition-cours-et-tp-1024x768-1.jpg 1024w, https:\/\/dpbio.umons.ac.be\/app\/uploads\/2022\/08\/Repartition-cours-et-tp-1024x768-1-300x225.jpg 300w, https:\/\/dpbio.umons.ac.be\/app\/uploads\/2022\/08\/Repartition-cours-et-tp-1024x768-1-768x576.jpg 768w\" sizes=\"(max-width: 1024px) 100vw, 1024px\" \/><\/figure>\n\n\n\n<p><a href=\"https:\/\/hosting.umons.ac.be\/php\/dpbio\/wp-content\/uploads\/2014\/11\/Repartition-cours-et-tp.jpg\"><\/a>Les \u00e9tudes de Bachelier donnent une <strong>formation g\u00e9n\u00e9rale en biologie<\/strong>. Des s\u00e9ances de rem\u00e9diation sont organis\u00e9es au b\u00e9n\u00e9fice des \u00e9tudiants de premi\u00e8re ann\u00e9e pour faciliter leur l\u2019int\u00e9gration au cursus universitaire. Les 2e et 3e blocs ouvrent aux principales disciplines de la biologie telles que la biochimie, la biologie animale, la biologie cellulaire, la biologie mol\u00e9culaire, la biologie v\u00e9g\u00e9tale, l\u2019\u00e9cologie, l\u2019\u00e9thologie, la g\u00e9n\u00e9tique, la physiologie, la neurobiologie, la microbiologie, la phylog\u00e9nie, etc.<\/p>\n\n\n\n<p>Les langues font \u00e9galement partie du cursus de Bachelier. <strong>L\u2019anglais<\/strong> est enseign\u00e9 en 2e et 3e bloc \u00e0 raison de 30h par bloc. Ces \u00e9tudes constituent donc un socle de comp\u00e9tences solides pour aborder les Masters en Sciences biologiques.<\/p>\n\n\n\n<p>Le Bachelier apportera \u00e9galement une expertise dans la pr\u00e9paration et la pr\u00e9sentation <strong>d\u2019expos\u00e9s oraux et \u00e9crits<\/strong>. A l\u2019issue de ce programme de cours, les \u00e9tudiants seront capables d\u2019entamer sereinement les \u00e9tudes de Master.<\/p>\n","protected":false},"excerpt":{"rendered":"<p>Le cycle de Bachelier en biologie permet d\u2019acqu\u00e9rir en 3 grands blocs de cours et de travaux pratiques, r\u00e9partis en 180 cr\u00e9dits, une formation de base qui permettra d\u2019aborder la biologie dans toute sa diversit\u00e9. Ces 3 premiers blocs constituent la premi\u00e8re \u00e9tape de la formation en Master en biologie. La r\u00e9partition entre cours th\u00e9oriques &hellip; <a href=\"https:\/\/dpbio.umons.ac.be\/?page_id=104\" class=\"more-link\">Continue reading <span class=\"screen-reader-text\">Description g\u00e9n\u00e9rale du Bachelier<\/span> <span class=\"meta-nav\">&rarr;<\/span><\/a><\/p>\n","protected":false},"author":2,"featured_media":0,"parent":0,"menu_order":0,"comment_status":"closed","ping_status":"closed","template":"","meta":[],"_links":{"self":[{"href":"https:\/\/dpbio.umons.ac.be\/index.php?rest_route=\/wp\/v2\/pages\/104"}],"collection":[{"href":"https:\/\/dpbio.umons.ac.be\/index.php?rest_route=\/wp\/v2\/pages"}],"about":[{"href":"https:\/\/dpbio.umons.ac.be\/index.php?rest_route=\/wp\/v2\/types\/page"}],"author":[{"embeddable":true,"href":"https:\/\/dpbio.umons.ac.be\/index.php?rest_route=\/wp\/v2\/users\/2"}],"replies":[{"embeddable":true,"href":"https:\/\/dpbio.umons.ac.be\/index.php?rest_route=%2Fwp%2Fv2%2Fcomments&post=104"}],"version-history":[{"count":2,"href":"https:\/\/dpbio.umons.ac.be\/index.php?rest_route=\/wp\/v2\/pages\/104\/revisions"}],"predecessor-version":[{"id":108,"href":"https:\/\/dpbio.umons.ac.be\/index.php?rest_route=\/wp\/v2\/pages\/104\/revisions\/108"}],"wp:attachment":[{"href":"https:\/\/dpbio.umons.ac.be\/index.php?rest_route=%2Fwp%2Fv2%2Fmedia&parent=104"}],"curies":[{"name":"wp","href":"https:\/\/api.w.org\/{rel}","templated":true}]}}