{"id":109,"date":"2022-08-05T15:46:03","date_gmt":"2022-08-05T13:46:03","guid":{"rendered":"https:\/\/dpbio.umons.ac.be\/?page_id=109"},"modified":"2022-08-05T15:46:03","modified_gmt":"2022-08-05T13:46:03","slug":"stages-en-bachelier","status":"publish","type":"page","link":"https:\/\/dpbio.umons.ac.be\/?page_id=109","title":{"rendered":"Stages en Bachelier"},"content":{"rendered":"\n<p>Le cursus inclut \u00e9galement, pour la plupart des cours, des travaux pratiques et des stages sur le terrain tant en Belgique qu\u2019\u00e0 l\u2019\u00e9tranger : pour le 3e bloc, par exemple, les \u00e9tudiants partent une semaine dans le Var (France) afin d\u2019approfondir leur connaissance en botanique et en entomologie.<\/p>\n\n\n\n<p>Afin d\u2019avoir une meilleure id\u00e9e de la recherche \u00e0 l\u2019UMons, les \u00e9tudiants auront l\u2019occasion de circuler dans les diff\u00e9rents laboratoires du D\u00e9partement de Biologie et d\u2019autres d\u00e9partements comme la Facult\u00e9 de M\u00e9decine et Polytechnique. Pour cela une semaine enti\u00e8re est d\u00e9di\u00e9e \u00e0 ces visites. Une liste des diff\u00e9rents services accueillant les \u00e9tudiants sera mise sur le site en temps opportun.<\/p>\n","protected":false},"excerpt":{"rendered":"<p>Le cursus inclut \u00e9galement, pour la plupart des cours, des travaux pratiques et des stages sur le terrain tant en Belgique qu\u2019\u00e0 l\u2019\u00e9tranger : pour le 3e bloc, par exemple, les \u00e9tudiants partent une semaine dans le Var (France) afin d\u2019approfondir leur connaissance en botanique et en entomologie. Afin d\u2019avoir une meilleure id\u00e9e de la &hellip; <a href=\"https:\/\/dpbio.umons.ac.be\/?page_id=109\" class=\"more-link\">Continue reading <span class=\"screen-reader-text\">Stages en Bachelier<\/span> <span class=\"meta-nav\">&rarr;<\/span><\/a><\/p>\n","protected":false},"author":2,"featured_media":0,"parent":0,"menu_order":0,"comment_status":"closed","ping_status":"closed","template":"","meta":[],"_links":{"self":[{"href":"https:\/\/dpbio.umons.ac.be\/index.php?rest_route=\/wp\/v2\/pages\/109"}],"collection":[{"href":"https:\/\/dpbio.umons.ac.be\/index.php?rest_route=\/wp\/v2\/pages"}],"about":[{"href":"https:\/\/dpbio.umons.ac.be\/index.php?rest_route=\/wp\/v2\/types\/page"}],"author":[{"embeddable":true,"href":"https:\/\/dpbio.umons.ac.be\/index.php?rest_route=\/wp\/v2\/users\/2"}],"replies":[{"embeddable":true,"href":"https:\/\/dpbio.umons.ac.be\/index.php?rest_route=%2Fwp%2Fv2%2Fcomments&post=109"}],"version-history":[{"count":1,"href":"https:\/\/dpbio.umons.ac.be\/index.php?rest_route=\/wp\/v2\/pages\/109\/revisions"}],"predecessor-version":[{"id":110,"href":"https:\/\/dpbio.umons.ac.be\/index.php?rest_route=\/wp\/v2\/pages\/109\/revisions\/110"}],"wp:attachment":[{"href":"https:\/\/dpbio.umons.ac.be\/index.php?rest_route=%2Fwp%2Fv2%2Fmedia&parent=109"}],"curies":[{"name":"wp","href":"https:\/\/api.w.org\/{rel}","templated":true}]}}