{"id":112,"date":"2022-08-05T15:49:35","date_gmt":"2022-08-05T13:49:35","guid":{"rendered":"https:\/\/dpbio.umons.ac.be\/?page_id=112"},"modified":"2022-09-06T10:30:10","modified_gmt":"2022-09-06T08:30:10","slug":"remediation","status":"publish","type":"page","link":"https:\/\/dpbio.umons.ac.be\/?page_id=112","title":{"rendered":"Rem\u00e9diation"},"content":{"rendered":"\n<p>En ce qui concerne la <strong>premi\u00e8re ann\u00e9e de Bachelier<\/strong>, des s\u00e9ances de rem\u00e9diation pour les Math\u00e9matiques et la Biologie G\u00e9n\u00e9rale sont parfois organis\u00e9es <strong>en fonction de la demande, mais surtout en fonction de la nomination d\u2019un assistant p\u00e9dagogique. <\/strong>Dans ce cas, l\u2019assistant est \u00e0 la disposition des \u00e9tudiants (par exemple une fois par semaine), pour r\u00e9pondre \u00e0 toutes les questions et se faire r\u00e9expliquer les parties du cours qu\u2019ils n\u2019ont pas bien compris. L\u2019assistant p\u00e9dagogique corrige \u00e9galement les examens avec les \u00e9tudiants et peut, \u00e0 leur demande, effectuer des exercices suppl\u00e9mentaires. Une rem\u00e9diation est \u00e9galement dispens\u00e9e pour le cours de math\u00e9matiques.<\/p>\n\n\n\n<p><strong>Tutorat<\/strong><\/p>\n\n\n\n<p>Chaque ann\u00e9e, une dizaine de jours de tutorat sont organis\u00e9s pour aider les \u00e9tudiants de premi\u00e8re ann\u00e9e qui ont une seconde session.&nbsp; Le tutorat se d\u00e9roule pendant les grandes vacances d\u2019\u00e9t\u00e9, entre juillet et d\u00e9but ao\u00fbt.<\/p>\n","protected":false},"excerpt":{"rendered":"<p>En ce qui concerne la premi\u00e8re ann\u00e9e de Bachelier, des s\u00e9ances de rem\u00e9diation pour les Math\u00e9matiques et la Biologie G\u00e9n\u00e9rale sont parfois organis\u00e9es en fonction de la demande, mais surtout en fonction de la nomination d\u2019un assistant p\u00e9dagogique. Dans ce cas, l\u2019assistant est \u00e0 la disposition des \u00e9tudiants (par exemple une fois par semaine), pour &hellip; <a href=\"https:\/\/dpbio.umons.ac.be\/?page_id=112\" class=\"more-link\">Continue reading <span class=\"screen-reader-text\">Rem\u00e9diation<\/span> <span class=\"meta-nav\">&rarr;<\/span><\/a><\/p>\n","protected":false},"author":2,"featured_media":0,"parent":0,"menu_order":0,"comment_status":"closed","ping_status":"closed","template":"","meta":[],"_links":{"self":[{"href":"https:\/\/dpbio.umons.ac.be\/index.php?rest_route=\/wp\/v2\/pages\/112"}],"collection":[{"href":"https:\/\/dpbio.umons.ac.be\/index.php?rest_route=\/wp\/v2\/pages"}],"about":[{"href":"https:\/\/dpbio.umons.ac.be\/index.php?rest_route=\/wp\/v2\/types\/page"}],"author":[{"embeddable":true,"href":"https:\/\/dpbio.umons.ac.be\/index.php?rest_route=\/wp\/v2\/users\/2"}],"replies":[{"embeddable":true,"href":"https:\/\/dpbio.umons.ac.be\/index.php?rest_route=%2Fwp%2Fv2%2Fcomments&post=112"}],"version-history":[{"count":2,"href":"https:\/\/dpbio.umons.ac.be\/index.php?rest_route=\/wp\/v2\/pages\/112\/revisions"}],"predecessor-version":[{"id":255,"href":"https:\/\/dpbio.umons.ac.be\/index.php?rest_route=\/wp\/v2\/pages\/112\/revisions\/255"}],"wp:attachment":[{"href":"https:\/\/dpbio.umons.ac.be\/index.php?rest_route=%2Fwp%2Fv2%2Fmedia&parent=112"}],"curies":[{"name":"wp","href":"https:\/\/api.w.org\/{rel}","templated":true}]}}