{"id":127,"date":"2022-08-05T15:58:39","date_gmt":"2022-08-05T13:58:39","guid":{"rendered":"https:\/\/dpbio.umons.ac.be\/?page_id=127"},"modified":"2022-08-05T17:35:07","modified_gmt":"2022-08-05T15:35:07","slug":"stages-en-master-1","status":"publish","type":"page","link":"https:\/\/dpbio.umons.ac.be\/?page_id=127","title":{"rendered":"Stages en Master-1"},"content":{"rendered":"\n<h5>\u2022 D\u00e9finition d\u2019un stage<\/h5>\n\n\n\n<p>Un stage est une p\u00e9riode au cours de laquelle l\u2019\u00e9tudiant rejoint une entit\u00e9 externe \u00e0 l\u2019universit\u00e9 (institut de recherches, soci\u00e9t\u00e9 pharmaceutique, parc zoologique, etc.) pour y effectuer certains apprentissages (manipulations d\u2019appareillages, d\u2019animaux, r\u00e9alisation d\u2019exp\u00e9riences, etc.). Il ne s\u2019agit normalement pas de suivre des cours th\u00e9oriques, mais plut\u00f4t d\u2019obtenir un acquis pratique. Les stages peuvent avoir lieu \u00e0 l\u2019ext\u00e9rieur de l\u2019universit\u00e9, en Belgique ou \u00e0 l\u2019\u00e9tranger et l\u2019\u00e9tudiant doit r\u00e9aliser <a href=\"https:\/\/hosting.umons.ac.be\/php\/dpbio\/?page_id=1132\">un rapport et pr\u00e9senter son stage<\/a> si celui-ci fait plus de 12 cr\u00e9dits.<\/p>\n\n\n\n<h5>\u2022 R\u00e8gles \u00e0 respecter et documents \u00e0 pr\u00e9parer<\/h5>\n\n\n\n<p>Voir <a href=\"https:\/\/dpbio.umons.ac.be\/?page_id=77\" target=\"_blank\" rel=\"noreferrer noopener\">ici.<\/a><\/p>\n\n\n\n<p>Le ma\u00eetre de stage est la personne suivante :<br>\u2013 le promoteur externe dans les&nbsp; Stages intitul\u00e9s <strong>\u00ab Stages\/Semaines th\u00e9matiques \u00bb<\/strong>&nbsp; (moins de 12 cr\u00e9dits; moins d\u2019un mois);<br>\u2013 le promoteur externe dans les Stages intitul\u00e9s <strong>\u00ab Stages\/Semaines th\u00e9matiques \u00bb<\/strong>&nbsp; (de 12 cr\u00e9dits ou de plus de 12 cr\u00e9dits; sup\u00e9rieur ou \u00e9gal \u00e0 un mois) et <strong>stages de Mobilit\u00e9 OUT<\/strong>;<br>\u2013 le directeur du labo ou la personne qui a encadr\u00e9 le stage (n\u00e9cessairement PhD) dans le(s) Stage(s) de la <strong>\u00ab Formation compl\u00e9mentaire \u00bb<\/strong> et <strong>\u00ab Stage g\u00e9n\u00e9raliste \u00bb<\/strong>.<\/p>\n\n\n\n<p>Quand un stage a lieu \u00e0 l\u2019ext\u00e9rieur de l\u2019universit\u00e9, une <strong>convention de stage<\/strong> doit toujours \u00eatre sign\u00e9e par le responsable du laboratoire d\u2019accueil.<\/p>\n\n\n\n<p><strong>Attention :<\/strong><\/p>\n\n\n\n<p>\u2022 Il a \u00e9t\u00e9 d\u00e9cid\u00e9 (D\u00e9partement de Biologie du 18 janvier 2017) que les stages effectu\u00e9s en MA-2 doivent \u00eatre valid\u00e9s par le promoteur du m\u00e9moire; celui-ci intervient \u00e9galement dans l\u2019\u00e9laboration du PAE de l\u2019\u00e9tudiant en d\u00e9but d\u2019ann\u00e9e.<\/p>\n\n\n\n<p>\u2022 Les r\u00e9sultats d\u2019un stage ne peuvent pas \u00eatre inclus dans le m\u00e9moire.<\/p>\n\n\n\n<h5>\u2022 Evaluation des stages<\/h5>\n\n\n\n<p>Les stages seront \u00e9valu\u00e9s de la mani\u00e8re suivante : voir <a href=\"https:\/\/dpbio.umons.ac.be\/?page_id=145\" target=\"_blank\" rel=\"noreferrer noopener\">ici<\/a>.<\/p>\n\n\n\n<p>Le formulaire d\u2019\u00e9valuation compl\u00e9t\u00e9 doit \u00eatre envoy\u00e9 au Pr\u00e9sident du D\u00e9partement de Biologie (<a href=\"mailto:lionel.tafforeau@umons.ac.be\">Lionel Tafforeau<\/a>) et au Secr\u00e9taire du D\u00e9partement de Biologie (<a href=\"mailto:guillaume.caulier@umons.ac.be\">Guillaume Caulier<\/a>) au plus tard 2 semaines apr\u00e8s la fin du stage.<\/p>\n\n\n\n<h5>\u2022 Comment trouver un stage?<\/h5>\n\n\n\n<p>Pour trouver un stage en Belgique vous pouvez vous aider de la plateforme \u00ab&nbsp;Stages des P\u00f4les&nbsp;\u00bb (voir ci-dessous). Pour les stages \u00e0 l\u2019\u00e9tranger (pr\u00e9f\u00e9rentiellement r\u00e9alis\u00e9s en MA-1) vous pouvez consulter la plateforme <a href=\"http:\/\/erasmusintern.org\/\">ErasmusIntern<\/a> ou simplement choisir un laboratoire \u00e9tranger dans la <a href=\"https:\/\/hosting.umons.ac.be\/php\/dpbio\/?page_id=870\">liste propos\u00e9e sur le pr\u00e9sent site<\/a>.<\/p>\n\n\n\n<p>Pour trouver un stage en Belgique vous pouvez utiliser la plateforme Stage Des P\u00f4les :<\/p>\n\n\n\n<figure class=\"wp-block-image\"><a href=\"http:\/\/www.stage-entreprise-etudiant.be\/haute-ecole-universite\/fr\/6973-accueil.html\"><img decoding=\"async\" src=\"https:\/\/hosting.umons.ac.be\/php\/dpbio\/wp-content\/uploads\/2015\/09\/Stages-des-poles-1-1024x379.jpg\" alt=\"Print\" class=\"wp-image-733\"\/><\/a><\/figure>\n\n\n\n<p>Lanc\u00e9 dans le cadre du Plan Marshal, \u00ab&nbsp;<a href=\"http:\/\/www.stage-entreprise-etudiant.be\/haute-ecole-universite\/fr\/6973-accueil.html\">Stages des P\u00f4les<\/a>&nbsp;\u00bb vise la rencontre des entreprises wallonnes innovantes et d\u2019\u00e9tudiants de l\u2019enseignement sup\u00e9rieur (de la F\u00e9d\u00e9ration Wallonie-Bruxelles), dans le cadre de la r\u00e9alisation de stages de longue dur\u00e9e (min. 12 semaines).<\/p>\n\n\n\n<p>Les secteurs d\u2019activit\u00e9s concern\u00e9s sont l\u2019agro-alimentaire, la logistique, le g\u00e9nie m\u00e9canique, la construction, les sciences, les nouvelles technologies, l\u2019a\u00e9ronautique et le spatial. D\u00e8s lors, le programme vise 57 dipl\u00f4mes, dans les fili\u00e8res techniques, scientifiques et de gestion. La rencontre entreprises-\u00e9tudiants se r\u00e9alise sur la plateforme interactive :<\/p>\n\n\n\n<figure class=\"wp-block-image\"><a href=\"https:\/\/hosting.umons.ac.be\/php\/dpbio\/wp-content\/uploads\/2015\/09\/Stages-des-poles-2.jpg\"><img decoding=\"async\" src=\"https:\/\/hosting.umons.ac.be\/php\/dpbio\/wp-content\/uploads\/2015\/09\/Stages-des-poles-2-1024x739.jpg\" alt=\"Stages des poles 2\" class=\"wp-image-732\"\/><\/a><\/figure>\n\n\n\n<p>Apr\u00e8s inscription sur la plateforme, les \u00e9tudiants ont acc\u00e8s aux nombreuses offres de stage et peuvent postuler en ligne. En soutien \u00e0 la plateforme, un encadrement et une aide sont propos\u00e9s aux \u00e9tudiants afin de cibler les entreprises ad\u00e9quates, r\u00e9aliser un suivi des candidatures, \u2026 Afin d\u2019optimiser leurs recherches, une s\u00e9ance de coaching en r\u00e9daction de CV et lettre de motivation peut \u00eatre organis\u00e9e pour vos \u00e9tudiants (sur demande).<\/p>\n\n\n\n<p>\u00ab&nbsp;Stages des P\u00f4les&nbsp;\u00bb vous semble un outil int\u00e9ressant pour vous? Une pr\u00e9sentation peut \u00eatre organis\u00e9e dans votre \u00e9tablissement, \u00e0 votre demande (la dur\u00e9e varie selon vos disponibilit\u00e9s, de 15 \u00e0 30 minutes g\u00e9n\u00e9ralement).<\/p>\n\n\n\n<p>N\u2019h\u00e9sitez pas \u00e0 contacter Aur\u00e9lie HOGGE<\/p>\n\n\n\n<p><a href=\"mailto:stages@uwe.be\">stages@uwe.be<\/a><\/p>\n\n\n\n<p>04\/246.50.35 \u2013 0473\/497.207<\/p>\n","protected":false},"excerpt":{"rendered":"<p>\u2022 D\u00e9finition d\u2019un stage Un stage est une p\u00e9riode au cours de laquelle l\u2019\u00e9tudiant rejoint une entit\u00e9 externe \u00e0 l\u2019universit\u00e9 (institut de recherches, soci\u00e9t\u00e9 pharmaceutique, parc zoologique, etc.) pour y effectuer certains apprentissages (manipulations d\u2019appareillages, d\u2019animaux, r\u00e9alisation d\u2019exp\u00e9riences, etc.). Il ne s\u2019agit normalement pas de suivre des cours th\u00e9oriques, mais plut\u00f4t d\u2019obtenir un acquis pratique. &hellip; <a href=\"https:\/\/dpbio.umons.ac.be\/?page_id=127\" class=\"more-link\">Continue reading <span class=\"screen-reader-text\">Stages en Master-1<\/span> <span class=\"meta-nav\">&rarr;<\/span><\/a><\/p>\n","protected":false},"author":2,"featured_media":0,"parent":0,"menu_order":0,"comment_status":"closed","ping_status":"closed","template":"","meta":[],"_links":{"self":[{"href":"https:\/\/dpbio.umons.ac.be\/index.php?rest_route=\/wp\/v2\/pages\/127"}],"collection":[{"href":"https:\/\/dpbio.umons.ac.be\/index.php?rest_route=\/wp\/v2\/pages"}],"about":[{"href":"https:\/\/dpbio.umons.ac.be\/index.php?rest_route=\/wp\/v2\/types\/page"}],"author":[{"embeddable":true,"href":"https:\/\/dpbio.umons.ac.be\/index.php?rest_route=\/wp\/v2\/users\/2"}],"replies":[{"embeddable":true,"href":"https:\/\/dpbio.umons.ac.be\/index.php?rest_route=%2Fwp%2Fv2%2Fcomments&post=127"}],"version-history":[{"count":5,"href":"https:\/\/dpbio.umons.ac.be\/index.php?rest_route=\/wp\/v2\/pages\/127\/revisions"}],"predecessor-version":[{"id":227,"href":"https:\/\/dpbio.umons.ac.be\/index.php?rest_route=\/wp\/v2\/pages\/127\/revisions\/227"}],"wp:attachment":[{"href":"https:\/\/dpbio.umons.ac.be\/index.php?rest_route=%2Fwp%2Fv2%2Fmedia&parent=127"}],"curies":[{"name":"wp","href":"https:\/\/api.w.org\/{rel}","templated":true}]}}