{"id":142,"date":"2022-08-05T16:08:33","date_gmt":"2022-08-05T14:08:33","guid":{"rendered":"https:\/\/dpbio.umons.ac.be\/?page_id=142"},"modified":"2022-08-05T16:16:46","modified_gmt":"2022-08-05T14:16:46","slug":"master-bloc-2","status":"publish","type":"page","link":"https:\/\/dpbio.umons.ac.be\/?page_id=142","title":{"rendered":"Master Bloc 2"},"content":{"rendered":"\n<p>Master Bloc 2 Description<\/p>\n\n\n\n<p>S\u00e9minaire de Recherche<\/p>\n\n\n\n<p>SWT pr\u00e9sentation<\/p>\n\n\n\n<p>Stages en Master 2<\/p>\n\n\n\n<p>M\u00e9moire<\/p>\n\n\n\n<p><\/p>\n","protected":false},"excerpt":{"rendered":"<p>Master Bloc 2 Description S\u00e9minaire de Recherche SWT pr\u00e9sentation Stages en Master 2 M\u00e9moire<\/p>\n","protected":false},"author":2,"featured_media":0,"parent":0,"menu_order":0,"comment_status":"closed","ping_status":"closed","template":"","meta":[],"_links":{"self":[{"href":"https:\/\/dpbio.umons.ac.be\/index.php?rest_route=\/wp\/v2\/pages\/142"}],"collection":[{"href":"https:\/\/dpbio.umons.ac.be\/index.php?rest_route=\/wp\/v2\/pages"}],"about":[{"href":"https:\/\/dpbio.umons.ac.be\/index.php?rest_route=\/wp\/v2\/types\/page"}],"author":[{"embeddable":true,"href":"https:\/\/dpbio.umons.ac.be\/index.php?rest_route=\/wp\/v2\/users\/2"}],"replies":[{"embeddable":true,"href":"https:\/\/dpbio.umons.ac.be\/index.php?rest_route=%2Fwp%2Fv2%2Fcomments&post=142"}],"version-history":[{"count":4,"href":"https:\/\/dpbio.umons.ac.be\/index.php?rest_route=\/wp\/v2\/pages\/142\/revisions"}],"predecessor-version":[{"id":156,"href":"https:\/\/dpbio.umons.ac.be\/index.php?rest_route=\/wp\/v2\/pages\/142\/revisions\/156"}],"wp:attachment":[{"href":"https:\/\/dpbio.umons.ac.be\/index.php?rest_route=%2Fwp%2Fv2%2Fmedia&parent=142"}],"curies":[{"name":"wp","href":"https:\/\/api.w.org\/{rel}","templated":true}]}}