{"id":145,"date":"2022-08-05T16:10:01","date_gmt":"2022-08-05T14:10:01","guid":{"rendered":"https:\/\/dpbio.umons.ac.be\/?page_id=145"},"modified":"2022-08-05T16:11:08","modified_gmt":"2022-08-05T14:11:08","slug":"evaluation-des-stages","status":"publish","type":"page","link":"https:\/\/dpbio.umons.ac.be\/?page_id=145","title":{"rendered":"Evaluation des Stages"},"content":{"rendered":"\n<p>Que vous soyez en Master 1 ou 2, les stages seront&nbsp; \u00e9valu\u00e9s de la mani\u00e8re suivante (d\u00e9cision du D\u00e9partement de Biologie du 10 novembre 2016) :<\/p>\n\n\n\n<ul><li>Stage \u2265 \u00e0 12 cr\u00e9dits&nbsp;:<\/li><\/ul>\n\n\n\n<p>Evaluation par le promoteur externe&nbsp;: 30%<\/p>\n\n\n\n<p>Evaluation du rapport \u00e9crit par un rapporteur externe au laboratoire: 30%<\/p>\n\n\n\n<p>Evaluation de la pr\u00e9sentation orale par les membres du jury: 40%<\/p>\n\n\n\n<ul><li>Stage &lt; \u00e0 12 cr\u00e9dits&nbsp;:<\/li><\/ul>\n\n\n\n<p>Evaluation par le promoteur externe&nbsp;: 50%<\/p>\n\n\n\n<p>Evaluation du rapport \u00e9crit par un rapporteur externe au laboratoire&nbsp;: 50%<\/p>\n\n\n\n<p>Pour le Bloc 2, si l\u2019\u00e9tudiant choisit d\u2019effectuer deux stages pour un total \u2265 \u00e0 12 cr\u00e9dits, le stage comptant le plus de cr\u00e9dits sera choisi pour la pr\u00e9sentation orale.<\/p>\n\n\n\n<p>Pour les stages (seuls ou cumul\u00e9s) \u2265 \u00e0 12 cr\u00e9dits, <strong>les pr\u00e9sentations auront lieu en janvier ou en juin<\/strong>, selon que le stage se termine en Q1 ou en Q2, respectivement.<\/p>\n\n\n\n<h4><strong>Taille des rapports demand\u00e9s :<\/strong><\/h4>\n\n\n\n<p>Stage de 1 \u00e0 15 jours&nbsp;: 15-20 pages<\/p>\n\n\n\n<p>Stage de 16 \u00e0 30 jours&nbsp;: 21- 30 pages<\/p>\n\n\n\n<p>Stage &gt;30 jours : 31-50 pages<\/p>\n\n\n\n<p>Le rapport sera structur\u00e9 comme suit&nbsp;:<\/p>\n\n\n\n<ul><li>Page de garde<\/li><li>Introduction&nbsp;: contexte dans lequel le stage a \u00e9t\u00e9 r\u00e9alis\u00e9, questions scientifiques (fondamentales ou appliqu\u00e9es)<\/li><li>But du stage (besoins de la structure d\u2019accueil)<\/li><li>Calendrier des activit\u00e9s r\u00e9alis\u00e9es<\/li><li>R\u00e9capitulatif des r\u00e9sultats<\/li><li>Implications pour la structure d\u2019accueil et implications personnelles<\/li><li>R\u00e9f\u00e9rences<\/li><\/ul>\n\n\n\n<h4>&nbsp;Remarques g\u00e9n\u00e9rales :<\/h4>\n\n\n\n<p>\u2013 Veuillez indiquer clairement en d\u00e9but de rapport la <strong>dur\u00e9e du stage<\/strong>.<\/p>\n\n\n\n<p>\u2013 Dans le cas de la Mobilit\u00e9 OUT, si le promoteur externe demande \u00e0 l\u2019\u00e9tudiant de lui remettre un rapport en anglais, ce m\u00eame rapport peut \u00eatre utilis\u00e9 pour l\u2019UMONS.<\/p>\n\n\n\n<p>\u2013 Si l\u2019industrie dans laquelle est effectu\u00e9e le stage refuse que l\u2019\u00e9tudiant pr\u00e9sente les r\u00e9sultats obtenus, il est possible de contacter l\u2019AVRE via le promoteur interne afin d\u2019\u00e9mettre un accord de confidentialit\u00e9.<\/p>\n\n\n\n<p>\u2013 Un rapporteur ne peut pas \u00e9valuer plus de 3 rapports\/an.<\/p>\n","protected":false},"excerpt":{"rendered":"<p>Que vous soyez en Master 1 ou 2, les stages seront&nbsp; \u00e9valu\u00e9s de la mani\u00e8re suivante (d\u00e9cision du D\u00e9partement de Biologie du 10 novembre 2016) : Stage \u2265 \u00e0 12 cr\u00e9dits&nbsp;: Evaluation par le promoteur externe&nbsp;: 30% Evaluation du rapport \u00e9crit par un rapporteur externe au laboratoire: 30% Evaluation de la pr\u00e9sentation orale par les &hellip; <a href=\"https:\/\/dpbio.umons.ac.be\/?page_id=145\" class=\"more-link\">Continue reading <span class=\"screen-reader-text\">Evaluation des Stages<\/span> <span class=\"meta-nav\">&rarr;<\/span><\/a><\/p>\n","protected":false},"author":2,"featured_media":0,"parent":0,"menu_order":0,"comment_status":"closed","ping_status":"closed","template":"","meta":[],"_links":{"self":[{"href":"https:\/\/dpbio.umons.ac.be\/index.php?rest_route=\/wp\/v2\/pages\/145"}],"collection":[{"href":"https:\/\/dpbio.umons.ac.be\/index.php?rest_route=\/wp\/v2\/pages"}],"about":[{"href":"https:\/\/dpbio.umons.ac.be\/index.php?rest_route=\/wp\/v2\/types\/page"}],"author":[{"embeddable":true,"href":"https:\/\/dpbio.umons.ac.be\/index.php?rest_route=\/wp\/v2\/users\/2"}],"replies":[{"embeddable":true,"href":"https:\/\/dpbio.umons.ac.be\/index.php?rest_route=%2Fwp%2Fv2%2Fcomments&post=145"}],"version-history":[{"count":2,"href":"https:\/\/dpbio.umons.ac.be\/index.php?rest_route=\/wp\/v2\/pages\/145\/revisions"}],"predecessor-version":[{"id":148,"href":"https:\/\/dpbio.umons.ac.be\/index.php?rest_route=\/wp\/v2\/pages\/145\/revisions\/148"}],"wp:attachment":[{"href":"https:\/\/dpbio.umons.ac.be\/index.php?rest_route=%2Fwp%2Fv2%2Fmedia&parent=145"}],"curies":[{"name":"wp","href":"https:\/\/api.w.org\/{rel}","templated":true}]}}