{"id":176,"date":"2022-08-05T16:55:49","date_gmt":"2022-08-05T14:55:49","guid":{"rendered":"https:\/\/dpbio.umons.ac.be\/?page_id=176"},"modified":"2022-08-05T16:55:49","modified_gmt":"2022-08-05T14:55:49","slug":"infos-sur-la-these","status":"publish","type":"page","link":"https:\/\/dpbio.umons.ac.be\/?page_id=176","title":{"rendered":"Infos sur la th\u00e8se"},"content":{"rendered":"\n<p>Apr\u00e8s le m\u00e9moire il est possible de faire une th\u00e8se de doctorat dont la dur\u00e9e varie de 3 \u00e0 6 ans (selon que l\u2019on devienne assistant ou non). Il s\u2019agit de faire de la recherche fondamentale sur un sujet bien pr\u00e9cis. Il vous faudra donc un laboratoire d\u2019accueil, un sujet et surtout une bourse d\u2019\u00e9tude. Plusieurs types de bourses de doctorat existent, les deux bourses les plus courantes sont les bourses FRIA et les bourses FNRS. Ces deux instruments pour doctorants sont explicit\u00e9s sur le <a href=\"http:\/\/www.fnrs.be\/index.php\/financements\/mandats\/doctorants\">site web du FNRS<\/a>. Dans les deux cas le syst\u00e8me fonctionne sur base d\u2019un concours et ce sont les meilleurs dossiers qui sont retenus. Il est donc tr\u00e8s important d\u2019obtenir les meilleurs grades dans votre parcours universitaire si vous d\u00e9sirez par la suite vous lancer dans un doctorat. La bourse de doctorat est simplement le salaire du chercheur. Cette bourse ne sert pas \u00e0 financer les exp\u00e9riences scientifiques. Pour cela, le laboratoire d\u2019accueil doit poss\u00e9der d\u2019autres sources de financements. G\u00e9n\u00e9ralement, \u00e0 la fin du doctorat, le futur docteur publie ses r\u00e9sultats en anglais, dans des revues scientifiques internationales et pr\u00e9sente sa th\u00e8se devant un jury compos\u00e9 de professeurs de l\u2019universit\u00e9 de Mons sp\u00e9cialistes du domaine mais \u00e9galement de professeurs et chercheurs d\u2019autres pays.<\/p>\n","protected":false},"excerpt":{"rendered":"<p>Apr\u00e8s le m\u00e9moire il est possible de faire une th\u00e8se de doctorat dont la dur\u00e9e varie de 3 \u00e0 6 ans (selon que l\u2019on devienne assistant ou non). Il s\u2019agit de faire de la recherche fondamentale sur un sujet bien pr\u00e9cis. Il vous faudra donc un laboratoire d\u2019accueil, un sujet et surtout une bourse d\u2019\u00e9tude. &hellip; <a href=\"https:\/\/dpbio.umons.ac.be\/?page_id=176\" class=\"more-link\">Continue reading <span class=\"screen-reader-text\">Infos sur la th\u00e8se<\/span> <span class=\"meta-nav\">&rarr;<\/span><\/a><\/p>\n","protected":false},"author":2,"featured_media":0,"parent":0,"menu_order":0,"comment_status":"closed","ping_status":"closed","template":"","meta":[],"_links":{"self":[{"href":"https:\/\/dpbio.umons.ac.be\/index.php?rest_route=\/wp\/v2\/pages\/176"}],"collection":[{"href":"https:\/\/dpbio.umons.ac.be\/index.php?rest_route=\/wp\/v2\/pages"}],"about":[{"href":"https:\/\/dpbio.umons.ac.be\/index.php?rest_route=\/wp\/v2\/types\/page"}],"author":[{"embeddable":true,"href":"https:\/\/dpbio.umons.ac.be\/index.php?rest_route=\/wp\/v2\/users\/2"}],"replies":[{"embeddable":true,"href":"https:\/\/dpbio.umons.ac.be\/index.php?rest_route=%2Fwp%2Fv2%2Fcomments&post=176"}],"version-history":[{"count":1,"href":"https:\/\/dpbio.umons.ac.be\/index.php?rest_route=\/wp\/v2\/pages\/176\/revisions"}],"predecessor-version":[{"id":177,"href":"https:\/\/dpbio.umons.ac.be\/index.php?rest_route=\/wp\/v2\/pages\/176\/revisions\/177"}],"wp:attachment":[{"href":"https:\/\/dpbio.umons.ac.be\/index.php?rest_route=%2Fwp%2Fv2%2Fmedia&parent=176"}],"curies":[{"name":"wp","href":"https:\/\/api.w.org\/{rel}","templated":true}]}}