{"id":179,"date":"2022-08-05T16:56:52","date_gmt":"2022-08-05T14:56:52","guid":{"rendered":"https:\/\/dpbio.umons.ac.be\/?page_id=179"},"modified":"2022-08-05T17:30:24","modified_gmt":"2022-08-05T15:30:24","slug":"repetitions-fria","status":"publish","type":"page","link":"https:\/\/dpbio.umons.ac.be\/?page_id=179","title":{"rendered":"R\u00e9p\u00e9titions FRIA"},"content":{"rendered":"\n<p>La bourse FRIA est une bourse destin\u00e9e aux \u00e9tudiants entamant un doctorat. L\u2019octroi de cette bourse n\u2019est possible que si le candidat remporte le concours apr\u00e8s avoir \u00e9t\u00e9 interrog\u00e9 par un jury scientifique ext\u00e9rieur \u00e0 l\u2019universit\u00e9. Les interrogatoires des candidats se font g\u00e9n\u00e9ralement entre octobre et novembre au si\u00e8ge du FNRS \u00e0 Bruxelles. Pour aider les candidats \u00e0 pr\u00e9parer leur interrogatoire des s\u00e9ances de questions\/r\u00e9ponses sont organis\u00e9es \u00e0 Mons.<\/p>\n","protected":false},"excerpt":{"rendered":"<p>La bourse FRIA est une bourse destin\u00e9e aux \u00e9tudiants entamant un doctorat. L\u2019octroi de cette bourse n\u2019est possible que si le candidat remporte le concours apr\u00e8s avoir \u00e9t\u00e9 interrog\u00e9 par un jury scientifique ext\u00e9rieur \u00e0 l\u2019universit\u00e9. Les interrogatoires des candidats se font g\u00e9n\u00e9ralement entre octobre et novembre au si\u00e8ge du FNRS \u00e0 Bruxelles. Pour aider &hellip; <a href=\"https:\/\/dpbio.umons.ac.be\/?page_id=179\" class=\"more-link\">Continue reading <span class=\"screen-reader-text\">R\u00e9p\u00e9titions FRIA<\/span> <span class=\"meta-nav\">&rarr;<\/span><\/a><\/p>\n","protected":false},"author":2,"featured_media":0,"parent":0,"menu_order":0,"comment_status":"closed","ping_status":"closed","template":"","meta":[],"_links":{"self":[{"href":"https:\/\/dpbio.umons.ac.be\/index.php?rest_route=\/wp\/v2\/pages\/179"}],"collection":[{"href":"https:\/\/dpbio.umons.ac.be\/index.php?rest_route=\/wp\/v2\/pages"}],"about":[{"href":"https:\/\/dpbio.umons.ac.be\/index.php?rest_route=\/wp\/v2\/types\/page"}],"author":[{"embeddable":true,"href":"https:\/\/dpbio.umons.ac.be\/index.php?rest_route=\/wp\/v2\/users\/2"}],"replies":[{"embeddable":true,"href":"https:\/\/dpbio.umons.ac.be\/index.php?rest_route=%2Fwp%2Fv2%2Fcomments&post=179"}],"version-history":[{"count":2,"href":"https:\/\/dpbio.umons.ac.be\/index.php?rest_route=\/wp\/v2\/pages\/179\/revisions"}],"predecessor-version":[{"id":223,"href":"https:\/\/dpbio.umons.ac.be\/index.php?rest_route=\/wp\/v2\/pages\/179\/revisions\/223"}],"wp:attachment":[{"href":"https:\/\/dpbio.umons.ac.be\/index.php?rest_route=%2Fwp%2Fv2%2Fmedia&parent=179"}],"curies":[{"name":"wp","href":"https:\/\/api.w.org\/{rel}","templated":true}]}}