{"id":183,"date":"2022-08-05T17:00:40","date_gmt":"2022-08-05T15:00:40","guid":{"rendered":"https:\/\/dpbio.umons.ac.be\/?page_id=183"},"modified":"2022-08-05T17:01:38","modified_gmt":"2022-08-05T15:01:38","slug":"aide-aux-doctorants","status":"publish","type":"page","link":"https:\/\/dpbio.umons.ac.be\/?page_id=183","title":{"rendered":"Aide aux doctorants"},"content":{"rendered":"\n<p>La bourse <strong>Gustave Bo\u00ebl \u2013 Sofina<\/strong> finance des <strong>s\u00e9jours de recherche de 6 ou 12 mois<\/strong> \u00e0 l\u2019\u00e9tranger durant l\u2019ann\u00e9e acad\u00e9mique et est destin\u00e9e aux doctorant(e)s affili\u00e9(e)s \u00e0 une universit\u00e9 belge.<\/p>\n\n\n\n<p>Plus d&rsquo;infos <a href=\"http:\/\/www.sofinaboel.be\/accueil\/\" target=\"_blank\" rel=\"noreferrer noopener\">ici.<\/a><\/p>\n","protected":false},"excerpt":{"rendered":"<p>La bourse Gustave Bo\u00ebl \u2013 Sofina finance des s\u00e9jours de recherche de 6 ou 12 mois \u00e0 l\u2019\u00e9tranger durant l\u2019ann\u00e9e acad\u00e9mique et est destin\u00e9e aux doctorant(e)s affili\u00e9(e)s \u00e0 une universit\u00e9 belge. Plus d&rsquo;infos ici.<\/p>\n","protected":false},"author":2,"featured_media":0,"parent":0,"menu_order":0,"comment_status":"closed","ping_status":"closed","template":"","meta":[],"_links":{"self":[{"href":"https:\/\/dpbio.umons.ac.be\/index.php?rest_route=\/wp\/v2\/pages\/183"}],"collection":[{"href":"https:\/\/dpbio.umons.ac.be\/index.php?rest_route=\/wp\/v2\/pages"}],"about":[{"href":"https:\/\/dpbio.umons.ac.be\/index.php?rest_route=\/wp\/v2\/types\/page"}],"author":[{"embeddable":true,"href":"https:\/\/dpbio.umons.ac.be\/index.php?rest_route=\/wp\/v2\/users\/2"}],"replies":[{"embeddable":true,"href":"https:\/\/dpbio.umons.ac.be\/index.php?rest_route=%2Fwp%2Fv2%2Fcomments&post=183"}],"version-history":[{"count":2,"href":"https:\/\/dpbio.umons.ac.be\/index.php?rest_route=\/wp\/v2\/pages\/183\/revisions"}],"predecessor-version":[{"id":186,"href":"https:\/\/dpbio.umons.ac.be\/index.php?rest_route=\/wp\/v2\/pages\/183\/revisions\/186"}],"wp:attachment":[{"href":"https:\/\/dpbio.umons.ac.be\/index.php?rest_route=%2Fwp%2Fv2%2Fmedia&parent=183"}],"curies":[{"name":"wp","href":"https:\/\/api.w.org\/{rel}","templated":true}]}}