{"id":190,"date":"2022-08-05T17:06:03","date_gmt":"2022-08-05T15:06:03","guid":{"rendered":"https:\/\/dpbio.umons.ac.be\/?page_id=190"},"modified":"2024-02-19T15:17:04","modified_gmt":"2024-02-19T14:17:04","slug":"les-equipements","status":"publish","type":"page","link":"https:\/\/dpbio.umons.ac.be\/?page_id=190","title":{"rendered":"Les \u00e9quipements"},"content":{"rendered":"\n<p>La liste suivante ne reprend que les plus gros \u00e9quipements h\u00e9berg\u00e9s par D\u00e9partement de Biologie. Dans le cadre de l\u2019Institut des Biosciences, d\u2019autres \u00e9quipements sont bien entendu accessibles aux biologistes dans d\u2019autres d\u00e9partements.<\/p>\n\n\n\n<h5>Prot\u00e9omique et spectrom\u00e9trie de masse<br><\/h5>\n\n\n\n<p>Une plateforme d\u2019analyse prot\u00e9omique est accessible dans le Laboratoire de Prot\u00e9omique et de Microbiologie. Elle fait partie du CISMA (Centre Interdisciplinaire de Spectrom\u00e9trie de Masse) qui rassemble plus de 200 personnes travaillant dans diff\u00e9rents d\u00e9partements (chimie, physique, biologie, m\u00e9decine) et collaborant sur diff\u00e9rents projets. La plateforme de prot\u00e9omique est ouverte aux 13 laboratoires de l\u2019Institut des Biosciences mais aussi aux autres instituts de l\u2019universit\u00e9 ainsi qu\u2019aux chercheurs ext\u00e9rieurs. Les \u00e9quipements disponibles pour les analyses prot\u00e9omiques sont les suivants :<\/p>\n\n\n\n<p>\u2013 MALDI-TOF, Micromass<br>\u2013 Electrospray Ion Trap HCT Ultra ETD\/PTR, Bruker<br>\u2013 TripleTof 5600, ABSciex<\/p>\n\n\n\n<p>Dans le cadre des fonds FEDER 2014-2020 un plateau technologique d\u00e9di\u00e9 \u00e0 la MRM (Multiple Reaction Monitoring) comportant deux nouveaux spectrom\u00e8tres de masse de nouvelle g\u00e9n\u00e9ration sera mis sur pied dans l\u2019ann\u00e9e 2015.<\/p>\n\n\n\n<h5>Microscopes<br><\/h5>\n\n\n\n<p>Microscopes \u00e9lectroniques :<\/p>\n\n\n\n<p>\u2013 Microscopie \u00e9lectronique \u00e0 transmission (TEM)<br>\u2013 Microscopie \u00e9lectronique \u00e0 balayage (SEM)<\/p>\n\n\n\n<p>Microscopes optiques :<\/p>\n\n\n\n<p>\u2013 Microscope confocal<br>\u2013 Microscope \u00e0 \u00e9pifluorescence<br>\u2013 Contraste interf\u00e9rentiel (Nomarski)<\/p>\n\n\n\n<h5>Outils courants de biologie mol\u00e9culaire<\/h5>\n\n\n\n<p>\u2013 Nombreux syst\u00e8mes d\u2019\u00e9lectrophor\u00e8se (dont la \u00ab&nbsp;Denaturing Gradient Gel Electrophoresis&nbsp;\u00bb- DGGE)<br>\u2013 PCR classique et PCR quantitative<br>\u2013 Gel imagers<br>\u2013 Nanodrop<\/p>\n\n\n\n<h5>Autres \u00e9quipements<\/h5>\n\n\n\n<p>\u2013 Nombreux syst\u00e8mes de chromatographie<br>\u2013 Mat\u00e9riel pour Western, Northern et Southern blot.<br>\u2013 Plusieurs ultracentrifugeuses<br>\u2013 Banc de force<br>\u2013 M\u00e9socosmes artificiels (maintient d\u2019organismes marins)<br>\u2013 Autoclaves<br>\u2013 Hottes \u00e0 flux laminaire (classe II)<br>\u2013 Spectrophotom\u00e8tres et spectrofluorim\u00e8tres<br>\u2013 Analyseur TriCarb (Liquid Scintillation Counting)<br>\u2013 Nanoprinter<br>\u2013 Chambres froides<br>\u2013 Photobior\u00e9acteurs<br>\u2013 FlowCam (analyseur de particules en temps r\u00e9\u00e8l, utilis\u00e9 pour le plancton)<\/p>\n","protected":false},"excerpt":{"rendered":"<p>La liste suivante ne reprend que les plus gros \u00e9quipements h\u00e9berg\u00e9s par D\u00e9partement de Biologie. Dans le cadre de l\u2019Institut des Biosciences, d\u2019autres \u00e9quipements sont bien entendu accessibles aux biologistes dans d\u2019autres d\u00e9partements. Prot\u00e9omique et spectrom\u00e9trie de masse Une plateforme d\u2019analyse prot\u00e9omique est accessible dans le Laboratoire de Prot\u00e9omique et de Microbiologie. Elle fait partie &hellip; <a href=\"https:\/\/dpbio.umons.ac.be\/?page_id=190\" class=\"more-link\">Continue reading <span class=\"screen-reader-text\">Les \u00e9quipements<\/span> <span class=\"meta-nav\">&rarr;<\/span><\/a><\/p>\n","protected":false},"author":2,"featured_media":0,"parent":0,"menu_order":0,"comment_status":"closed","ping_status":"closed","template":"","meta":[],"_links":{"self":[{"href":"https:\/\/dpbio.umons.ac.be\/index.php?rest_route=\/wp\/v2\/pages\/190"}],"collection":[{"href":"https:\/\/dpbio.umons.ac.be\/index.php?rest_route=\/wp\/v2\/pages"}],"about":[{"href":"https:\/\/dpbio.umons.ac.be\/index.php?rest_route=\/wp\/v2\/types\/page"}],"author":[{"embeddable":true,"href":"https:\/\/dpbio.umons.ac.be\/index.php?rest_route=\/wp\/v2\/users\/2"}],"replies":[{"embeddable":true,"href":"https:\/\/dpbio.umons.ac.be\/index.php?rest_route=%2Fwp%2Fv2%2Fcomments&post=190"}],"version-history":[{"count":2,"href":"https:\/\/dpbio.umons.ac.be\/index.php?rest_route=\/wp\/v2\/pages\/190\/revisions"}],"predecessor-version":[{"id":292,"href":"https:\/\/dpbio.umons.ac.be\/index.php?rest_route=\/wp\/v2\/pages\/190\/revisions\/292"}],"wp:attachment":[{"href":"https:\/\/dpbio.umons.ac.be\/index.php?rest_route=%2Fwp%2Fv2%2Fmedia&parent=190"}],"curies":[{"name":"wp","href":"https:\/\/api.w.org\/{rel}","templated":true}]}}