{"id":24,"date":"2022-08-05T12:14:25","date_gmt":"2022-08-05T10:14:25","guid":{"rendered":"https:\/\/dpbio.umons.ac.be\/?page_id=24"},"modified":"2022-08-05T15:38:18","modified_gmt":"2022-08-05T13:38:18","slug":"etudiant","status":"publish","type":"page","link":"https:\/\/dpbio.umons.ac.be\/?page_id=24","title":{"rendered":"Etudiant"},"content":{"rendered":"\n<p><a href=\"https:\/\/dpbio.umons.ac.be\/?page_id=80\" target=\"_blank\" rel=\"noreferrer noopener\">Bacheliers<\/a><\/p>\n\n\n\n<p><a href=\"https:\/\/dpbio.umons.ac.be\/?page_id=83\" target=\"_blank\" rel=\"noreferrer noopener\">Masters<\/a><\/p>\n\n\n\n<p><a href=\"https:\/\/dpbio.umons.ac.be\/?page_id=89\" target=\"_blank\" rel=\"noreferrer noopener\">Mobilit\u00e9 et ERASMUS<\/a><\/p>\n\n\n\n<p><a href=\"https:\/\/dpbio.umons.ac.be\/?page_id=74\" target=\"_blank\" rel=\"noreferrer noopener\">R\u00e8gles du d\u00e9cret paysage (d\u00e9cret Marcourt)<\/a><\/p>\n\n\n\n<p><a href=\"https:\/\/dpbio.umons.ac.be\/?page_id=77\" target=\"_blank\" rel=\"noreferrer noopener\">R\u00e8glement des Stages<\/a><\/p>\n\n\n\n<p><a href=\"https:\/\/dpbio.umons.ac.be\/?page_id=86\" target=\"_blank\" rel=\"noreferrer noopener\">Tutorat<\/a><\/p>\n\n\n\n<p>Career-Days<\/p>\n\n\n\n<p><a rel=\"noreferrer noopener\" href=\"https:\/\/dpbio.umons.ac.be\/?page_id=93\" target=\"_blank\">Prix Adrien Bauchau<\/a><\/p>\n","protected":false},"excerpt":{"rendered":"<p>Bacheliers Masters Mobilit\u00e9 et ERASMUS R\u00e8gles du d\u00e9cret paysage (d\u00e9cret Marcourt) R\u00e8glement des Stages Tutorat Career-Days Prix Adrien Bauchau<\/p>\n","protected":false},"author":2,"featured_media":0,"parent":0,"menu_order":0,"comment_status":"closed","ping_status":"closed","template":"","meta":[],"_links":{"self":[{"href":"https:\/\/dpbio.umons.ac.be\/index.php?rest_route=\/wp\/v2\/pages\/24"}],"collection":[{"href":"https:\/\/dpbio.umons.ac.be\/index.php?rest_route=\/wp\/v2\/pages"}],"about":[{"href":"https:\/\/dpbio.umons.ac.be\/index.php?rest_route=\/wp\/v2\/types\/page"}],"author":[{"embeddable":true,"href":"https:\/\/dpbio.umons.ac.be\/index.php?rest_route=\/wp\/v2\/users\/2"}],"replies":[{"embeddable":true,"href":"https:\/\/dpbio.umons.ac.be\/index.php?rest_route=%2Fwp%2Fv2%2Fcomments&post=24"}],"version-history":[{"count":9,"href":"https:\/\/dpbio.umons.ac.be\/index.php?rest_route=\/wp\/v2\/pages\/24\/revisions"}],"predecessor-version":[{"id":95,"href":"https:\/\/dpbio.umons.ac.be\/index.php?rest_route=\/wp\/v2\/pages\/24\/revisions\/95"}],"wp:attachment":[{"href":"https:\/\/dpbio.umons.ac.be\/index.php?rest_route=%2Fwp%2Fv2%2Fmedia&parent=24"}],"curies":[{"name":"wp","href":"https:\/\/api.w.org\/{rel}","templated":true}]}}