{"id":36,"date":"2022-08-05T12:20:48","date_gmt":"2022-08-05T10:20:48","guid":{"rendered":"https:\/\/dpbio.umons.ac.be\/?page_id=36"},"modified":"2023-09-29T13:02:38","modified_gmt":"2023-09-29T11:02:38","slug":"contacts","status":"publish","type":"page","link":"https:\/\/dpbio.umons.ac.be\/?page_id=36","title":{"rendered":"Contacts"},"content":{"rendered":"\n<h5>\u2022 Pr\u00e9sident du D\u00e9partement de Biologie<\/h5>\n\n\n\n<p>Denis Michez (depuis le 29\/09\/2023)<br>Charg\u00e9 de cours<\/p>\n\n\n\n<p>T\u00e9l\u00e9phone : ++32 65 37.34.73<\/p>\n\n\n\n<p>E-mail : <a href=\"mailto:lionel.tafforeau@umons.ac.be\">biologie@umons.ac.be<\/a><\/p>\n\n\n\n<p>E-mail : <a href=\"mailto:denis.michez@umons.ac.be\">Denis.Michez@umons.ac.be<\/a><\/p>\n\n\n\n<p>Universit\u00e9 de Mons<br>Institut des Biosciences<br>Pentagone<br>Laboratoire de Zoologie<br>5 av. du Champs de Mars<br>B-7000 Mons<br>Belgique<\/p>\n\n\n\n<h5>\u2022 Secr\u00e9taire du D\u00e9partement de Biologie<\/h5>\n\n\n\n<p><a href=\"https:\/\/hosting.umons.ac.be\/php\/dpbio\/&quot;mailto:baptiste.leroy@umons.ac.be\">Baptiste Leroy<\/a><br>Teaching and Research Associate<\/p>\n\n\n\n<h5>\u2022 Organisation des stages en Master Blocs 1 et 2<\/h5>\n\n\n\n<p><a href=\"https:\/\/hosting.umons.ac.be\/php\/dpbio\/&quot;mailto:guillaume.caulier@umons.ac.be\">Guillaume Caulier<\/a><\/p>\n\n\n\n<h5>\u2022 Responsable des semaines th\u00e9matiques<\/h5>\n\n\n\n<p><a href=\"mailto:laurence.ris@umons.ac.be\">Laurence Ris<\/a><\/p>\n\n\n\n<h5>\u2022 Responsable du Scientific Workshop Training (SWT)<\/h5>\n\n\n\n<p><a href=\"mailto:philippe.grosjean@umons.ac.be\">Philippe Grosjean<\/a><\/p>\n\n\n\n<h5>\u2022 Responsable du site web du D\u00e9partement de Biologie<\/h5>\n\n\n\n<p><a href=\"mailto:david.gillan@umons.ac.be\">David Gillan<\/a><\/p>\n\n\n\n<h5>\u2022 Coordinateur facultaire mobilit\u00e9 Erasmus (Biologie)<\/h5>\n\n\n\n<p><a href=\"mailto:david.gillan@umons.ac.be\">David Gillan<\/a><\/p>\n","protected":false},"excerpt":{"rendered":"<p>\u2022 Pr\u00e9sident du D\u00e9partement de Biologie Denis Michez (depuis le 29\/09\/2023)Charg\u00e9 de cours T\u00e9l\u00e9phone : ++32 65 37.34.73 E-mail : biologie@umons.ac.be E-mail : Denis.Michez@umons.ac.be Universit\u00e9 de MonsInstitut des BiosciencesPentagoneLaboratoire de Zoologie5 av. du Champs de MarsB-7000 MonsBelgique \u2022 Secr\u00e9taire du D\u00e9partement de Biologie Baptiste LeroyTeaching and Research Associate \u2022 Organisation des stages en Master Blocs &hellip; <a href=\"https:\/\/dpbio.umons.ac.be\/?page_id=36\" class=\"more-link\">Continue reading <span class=\"screen-reader-text\">Contacts<\/span> <span class=\"meta-nav\">&rarr;<\/span><\/a><\/p>\n","protected":false},"author":2,"featured_media":0,"parent":0,"menu_order":0,"comment_status":"closed","ping_status":"closed","template":"","meta":[],"_links":{"self":[{"href":"https:\/\/dpbio.umons.ac.be\/index.php?rest_route=\/wp\/v2\/pages\/36"}],"collection":[{"href":"https:\/\/dpbio.umons.ac.be\/index.php?rest_route=\/wp\/v2\/pages"}],"about":[{"href":"https:\/\/dpbio.umons.ac.be\/index.php?rest_route=\/wp\/v2\/types\/page"}],"author":[{"embeddable":true,"href":"https:\/\/dpbio.umons.ac.be\/index.php?rest_route=\/wp\/v2\/users\/2"}],"replies":[{"embeddable":true,"href":"https:\/\/dpbio.umons.ac.be\/index.php?rest_route=%2Fwp%2Fv2%2Fcomments&post=36"}],"version-history":[{"count":3,"href":"https:\/\/dpbio.umons.ac.be\/index.php?rest_route=\/wp\/v2\/pages\/36\/revisions"}],"predecessor-version":[{"id":287,"href":"https:\/\/dpbio.umons.ac.be\/index.php?rest_route=\/wp\/v2\/pages\/36\/revisions\/287"}],"wp:attachment":[{"href":"https:\/\/dpbio.umons.ac.be\/index.php?rest_route=%2Fwp%2Fv2%2Fmedia&parent=36"}],"curies":[{"name":"wp","href":"https:\/\/api.w.org\/{rel}","templated":true}]}}