{"id":45,"date":"2022-08-05T12:24:23","date_gmt":"2022-08-05T10:24:23","guid":{"rendered":"https:\/\/dpbio.umons.ac.be\/?page_id=45"},"modified":"2022-08-05T12:29:27","modified_gmt":"2022-08-05T10:29:27","slug":"acceuil","status":"publish","type":"page","link":"https:\/\/dpbio.umons.ac.be\/","title":{"rendered":"Acceuil"},"content":{"rendered":"\n<p>Bienvenue sur le site web du d\u00e9partement de biologie de l\u2019<a href=\"http:\/\/portail.umons.ac.be\/\" target=\"_blank\" rel=\"noreferrer noopener\">universit\u00e9 de Mons<\/a>.<\/p>\n\n\n\n<p>La biologie \u00e9tudie non seulement les organismes vivants \u2014 animaux (y compris l\u2019homme), v\u00e9g\u00e9taux et microbiens \u2014, leurs interactions et leur int\u00e9gration dans l\u2019environnement, mais aussi les processus cellulaires, g\u00e9n\u00e9tiques et biochimiques \u00e0 la base de la vie. De ce fait, la biologie touche des domaines aussi vari\u00e9s que ceux de l\u2019<strong>environnement<\/strong>, de <strong>la sant\u00e9<\/strong>, de <strong>la g\u00e9n\u00e9tique<\/strong> et de <strong>la biotechnologie<\/strong> et est au c\u0153ur des progr\u00e8s actuels faits dans ces diff\u00e9rents domaines.<\/p>\n\n\n\n<p>Le D\u00e9partement de biologie de la facult\u00e9 des Sciences est fortement impliqu\u00e9 dans la formation des \u00e9tudiants et des chercheurs. &nbsp;Cette formation a une double finalit\u00e9 : <strong>l\u2019enseignement et la recherche<\/strong>.<\/p>\n\n\n\n<h5>Bacheliers<\/h5>\n\n\n\n<p>Le programme de bachelier, qui comprend trois blocs de cours, permet \u00e0 nos \u00e9tudiants d\u2019appr\u00e9hender toutes les facettes de la biologie aussi bien d\u2019un point de vue th\u00e9orique (cours, exercice) qu\u2019exp\u00e9rimental (travaux pratiques, stages) tout en s\u2019appuyant sur des notions fondamentales de chimie, de physique et de statistiques en r\u00e9alisant ainsi une approche int\u00e9gr\u00e9e de haut niveau. La balance entre cours th\u00e9oriques et travaux pratiques\/terrain est d\u2019environ 50\/50 en bachelier. Durant le bloc 3, les \u00e9tudiants seront introduits aux diff\u00e9rents services de recherche de l\u2019universit\u00e9 par le biais d\u2019une semaine de pr\u00e9sentations.<\/p>\n\n\n\n<h5>Masters<\/h5>\n\n\n\n<p>Le programme de master offre l\u2019opportunit\u00e9 de se sp\u00e9cialiser au travers de stages de recherche et de cours sp\u00e9cialis\u00e9s dans des domaines particuliers tels que la biologie et l\u2019\u00e9cologie marine, la biochimie macromol\u00e9culaire, la microbiologie environnementale et la biotechnologie, la zoologie, les neurosciences, etc.<\/p>\n\n\n\n<p>Soucieux de l\u2019\u00e9volution de notre monde, tout au long du cursus en biologie, une attention particuli\u00e8re est port\u00e9e sur la <strong>communication <\/strong>scientifique en fran\u00e7ais et en anglais, aussi bien \u00e9crite que parl\u00e9e, et sous la forme (entre autres) de \u00ab&nbsp;workshops \u00bb.<\/p>\n\n\n\n<p>Les enseignements sont assur\u00e9s en \u00e9troite relation avec les laboratoires de recherche du d\u00e9partement mais \u00e9galement d\u2019autres facult\u00e9s telles que la facult\u00e9 de M\u00e9decine et la facult\u00e9 Polytechnique de l\u2019universit\u00e9 de Mons.<\/p>\n\n\n\n<h5>Recherche et doctorat<\/h5>\n\n\n\n<p>Nos installations sont \u00e0 la fine pointe de la technologie (microscopie, spectrom\u00e9trie de masse, biologie mol\u00e9culaire, etc.) et offrent une exp\u00e9rience unique \u00e0 nos \u00e9tudiants et chercheurs. Les 5 services du d\u00e9partement de biologie d\u00e9veloppent des recherches int\u00e9gr\u00e9es reconnues internationalement dans des th\u00e9matiques centr\u00e9es autour des concepts d\u2019\u00e9volution, d\u2019adaptation et d\u2019interactions qui sont abord\u00e9s aussi bien aux niveaux mol\u00e9culaires, cellulaires que des individus ou des populations. Ces recherches int\u00e9gr\u00e9es prennent forme au sein de <a href=\"https:\/\/portail.umons.ac.be\/FR\/infossur\/intranet\/biosciences\/Pages\/default.aspx\">l\u2019institut des Biosciences<\/a>.<\/p>\n","protected":false},"excerpt":{"rendered":"<p>Bienvenue sur le site web du d\u00e9partement de biologie de l\u2019universit\u00e9 de Mons. La biologie \u00e9tudie non seulement les organismes vivants \u2014 animaux (y compris l\u2019homme), v\u00e9g\u00e9taux et microbiens \u2014, leurs interactions et leur int\u00e9gration dans l\u2019environnement, mais aussi les processus cellulaires, g\u00e9n\u00e9tiques et biochimiques \u00e0 la base de la vie. De ce fait, la &hellip; <a href=\"https:\/\/dpbio.umons.ac.be\/\" class=\"more-link\">Continue reading <span class=\"screen-reader-text\">Acceuil<\/span> <span class=\"meta-nav\">&rarr;<\/span><\/a><\/p>\n","protected":false},"author":2,"featured_media":0,"parent":0,"menu_order":0,"comment_status":"closed","ping_status":"closed","template":"","meta":[],"_links":{"self":[{"href":"https:\/\/dpbio.umons.ac.be\/index.php?rest_route=\/wp\/v2\/pages\/45"}],"collection":[{"href":"https:\/\/dpbio.umons.ac.be\/index.php?rest_route=\/wp\/v2\/pages"}],"about":[{"href":"https:\/\/dpbio.umons.ac.be\/index.php?rest_route=\/wp\/v2\/types\/page"}],"author":[{"embeddable":true,"href":"https:\/\/dpbio.umons.ac.be\/index.php?rest_route=\/wp\/v2\/users\/2"}],"replies":[{"embeddable":true,"href":"https:\/\/dpbio.umons.ac.be\/index.php?rest_route=%2Fwp%2Fv2%2Fcomments&post=45"}],"version-history":[{"count":2,"href":"https:\/\/dpbio.umons.ac.be\/index.php?rest_route=\/wp\/v2\/pages\/45\/revisions"}],"predecessor-version":[{"id":48,"href":"https:\/\/dpbio.umons.ac.be\/index.php?rest_route=\/wp\/v2\/pages\/45\/revisions\/48"}],"wp:attachment":[{"href":"https:\/\/dpbio.umons.ac.be\/index.php?rest_route=%2Fwp%2Fv2%2Fmedia&parent=45"}],"curies":[{"name":"wp","href":"https:\/\/api.w.org\/{rel}","templated":true}]}}