{"id":49,"date":"2022-08-05T14:47:15","date_gmt":"2022-08-05T12:47:15","guid":{"rendered":"https:\/\/dpbio.umons.ac.be\/?page_id=49"},"modified":"2022-09-06T10:16:15","modified_gmt":"2022-09-06T08:16:15","slug":"temoignages","status":"publish","type":"page","link":"https:\/\/dpbio.umons.ac.be\/?page_id=49","title":{"rendered":"T\u00e9moignages"},"content":{"rendered":"\n<p><strong>Georgiy JEGOULOV<\/strong><br>Master sp\u00e9cialis\u00e9 Industrie (promotion 2013 \u2013 2014)<\/p>\n\n\n\n<p>Lorsque j\u2019ai entam\u00e9 ma derni\u00e8re ann\u00e9e de master au sein de l\u2019UMONS en 2014, il m\u2019est apparu \u00e9vident que la meilleure chose \u00e0 faire pour terminer des \u00e9tudes scientifiques \u00e9tait de se confronter au travail journalier d\u2019un scientifique en industrie. J\u2019ai donc opt\u00e9 un master qui me permettait d\u2019effectuer un stage de longue dur\u00e9e au sein d\u2019une entreprise.<\/p>\n\n\n\n<p>Mon master \u00e9tait donc compos\u00e9 de deux ann\u00e9es, la premi\u00e8re, commune, avec les autres biochimistes et la deuxi\u00e8me qui \u00e9tait consacr\u00e9e \u00e0 mon stage et \u00e0 certains cours particuliers que je souhaitais prendre dans mon cursus comme, droit industriel, management, etc.<\/p>\n\n\n\n<p>L\u2019immersion dans le monde industriel et, surtout, professionnel nous soumet \u00e0 un tas de d\u00e9fis. Apr\u00e8s cette ann\u00e9e de stage, je suis ressorti plus que grandi de cette exp\u00e9rience. En effet, lorsqu\u2019on commence \u00e0 travailler dans une structure (quelle qu\u2019elle soit), on est soumis \u00e0 sa culture, \u00e0 son rythme, \u00e0 ses exigences, etc. Constituant la majeure diff\u00e9rence avec l\u2019universit\u00e9, il n\u2019est plus question de g\u00e9rer son temps selon ses envies, on est soumis \u00e0 un rythme identique \u00e0 celui des travailleurs, et petit \u00e0 petit, on y prend go\u00fbt.<\/p>\n\n\n\n<p>Sur le plan humain, on se confronte \u00e0 des personnes de divers horizons qui travaillent tous vers un m\u00eame but, certains nous servent d\u2019exemple, d\u2019autres nous conseillent, mais tous apportent quelque chose d\u2019enrichissant et de m\u00e9morable.<\/p>\n\n\n\n<p>Enfin, mon master en industrie m\u2019a permis \u00e9galement de gagner un prix&nbsp;: le prix Bauchau, attribu\u00e9 aux \u00e9tudiants qui ont fait un stage permettant de mettre en avant les sciences du vivant via les nouvelles technologies.<\/p>\n\n\n\n<figure class=\"wp-block-image size-full\"><img decoding=\"async\" loading=\"lazy\" width=\"1024\" height=\"802\" src=\"https:\/\/dpbio.umons.ac.be\/app\/uploads\/2022\/09\/G.jpg\" alt=\"\" class=\"wp-image-230\" srcset=\"https:\/\/dpbio.umons.ac.be\/app\/uploads\/2022\/09\/G.jpg 1024w, https:\/\/dpbio.umons.ac.be\/app\/uploads\/2022\/09\/G-300x235.jpg 300w, https:\/\/dpbio.umons.ac.be\/app\/uploads\/2022\/09\/G-768x602.jpg 768w\" sizes=\"(max-width: 1024px) 100vw, 1024px\" \/><figcaption>Mon ma\u00eetre de stage (Dr. Muls) et moi avec le dipl\u00f4me Bauchau.<\/figcaption><\/figure>\n\n\n\n<p>A la fin du stage, j\u2019ai eu plusieurs contacts avec de grandes entreprises. J\u2019ai pass\u00e9 plusieurs interviews, et en janvier, j\u2019ai postul\u00e9 \u00e9galement comme professeur de biologie dans des \u00e9coles secondaires. J\u2019ai \u00e9t\u00e9 contact\u00e9 rapidement par un \u00e9tablissement scolaire et un poste vacant m\u2019a \u00e9t\u00e9 propos\u00e9. Depuis, je suis enseignant. Cependant, je suis persuad\u00e9 que dans un avenir plus au moins proche, je me redirigerai vers l\u2019industrie.<\/p>\n\n\n\n<p><strong>Marta BRODZIK<\/strong><br>Master en Biochimie, Biologie Mol\u00e9culaire et Cellulaire de l\u2019UMONS (promotion 2015-2016).<\/p>\n\n\n<div class=\"wp-block-image\">\n<figure class=\"aligncenter size-full is-resized\"><img decoding=\"async\" loading=\"lazy\" src=\"https:\/\/dpbio.umons.ac.be\/app\/uploads\/2022\/09\/Marta.jpg\" alt=\"\" class=\"wp-image-233\" width=\"208\" height=\"249\" srcset=\"https:\/\/dpbio.umons.ac.be\/app\/uploads\/2022\/09\/Marta.jpg 379w, https:\/\/dpbio.umons.ac.be\/app\/uploads\/2022\/09\/Marta-250x300.jpg 250w\" sizes=\"(max-width: 208px) 100vw, 208px\" \/><figcaption>Marta Brodzik<\/figcaption><\/figure><\/div>\n\n\n<p>Dipl\u00f4m\u00e9e en 2016, j\u2019ai effectu\u00e9 un master en Biochimie, Biologie Mol\u00e9culaire et Cellulaire \u00e0 finalit\u00e9 didactique \u00e0 l\u2019Universit\u00e9 de Mons. J\u2019ai r\u00e9alis\u00e9 mon m\u00e9moire au sein du laboratoire de Prot\u00e9omie et de Microbiologie. Ce travail m\u2019a permis de go\u00fbter \u00e0 la vraie recherche scientifique m\u00ealant phases pratiques de laboratoire et recherche bibliographique. En parall\u00e8le, les cours li\u00e9s \u00e0 la finalit\u00e9 didactique m\u2019ont fourni des r\u00e9f\u00e9rentiels et m\u2019ont bien pr\u00e9par\u00e9 \u00e0 la future vie d\u2019enseignante. Je n\u2019ai pas d\u00fb attendre longtemps pour d\u00e9crocher mon premier travail en tant que rempla\u00e7ante d\u2019une professeure de chimie en degr\u00e9 sup\u00e9rieur dans un Ath\u00e9n\u00e9e Royal Ernest Solvay. Depuis, je n\u2019ai pas pass\u00e9 un seul jour sans travail. Je retourne aux ann\u00e9es pass\u00e9es \u00e0 l\u2019universit\u00e9 avec nostalgie. Je n\u2019oublierai jamais cette ambiance de convivialit\u00e9 et d\u2019entraide entre les \u00e9tudiants mais aussi les professeurs, les assistants, etc. L\u2019universit\u00e9 de Mons est un endroit parfait pour les fascin\u00e9s par sciences. Un endroit qui s\u2019ancre profond\u00e9ment dans le c\u0153ur.<\/p>\n\n\n\n<p><strong>Maryse VANDERPLANCK<\/strong><br>Master en Biologie des Organismes et Ecologie de l\u2019UMONS (promotion 2008-2009).<\/p>\n\n\n<div class=\"wp-block-image\">\n<figure class=\"aligncenter size-full\"><img decoding=\"async\" loading=\"lazy\" width=\"218\" height=\"300\" src=\"https:\/\/dpbio.umons.ac.be\/app\/uploads\/2022\/09\/Vanderplanck-218x300-1.jpg\" alt=\"\" class=\"wp-image-236\"\/><figcaption>Maryse Vanderplanck<\/figcaption><\/figure><\/div>\n\n\n<p>\u201cDipl\u00f4m\u00e9e en 2009, j\u2019ai effectu\u00e9 un master en Biologie des Organismes et Ecologie \u00e0 l\u2019Universit\u00e9 de Mons. J\u2019ai finalis\u00e9 mon m\u00e9moire de fin d\u2019\u00e9tudes au sein du laboratoire de Zoologie. Ce travail, m\u00ealant phases de terrain et pratiques de laboratoire, m\u2019a permis de r\u00e9aliser que j\u2019avais vraiment envie de me lancer dans la recherche. J\u2019ai obtenu une bourse d\u2019aspirante aupr\u00e8s du FNRS et en octobre 2010, j\u2019ai commenc\u00e9 une th\u00e8se en continuit\u00e9 avec la th\u00e9matique de mon m\u00e9moire. Pour ma th\u00e8se je me suis int\u00e9ress\u00e9e aux interactions plantes-abeilles et plus particuli\u00e8rement au r\u00f4le de la contrainte di\u00e9t\u00e9tique dans l\u2019\u00e9volution de la sp\u00e9cialisation alimentaire chez les abeilles solitaires.\u201d<\/p>\n\n\n\n<p><\/p>\n\n\n\n<p><strong>F\u00e9lic\u00e9 MASTROLEO<\/strong><br>Docteur en Biologie de l\u2019UMONS<\/p>\n\n\n<div class=\"wp-block-image\">\n<figure class=\"aligncenter size-full\"><img decoding=\"async\" loading=\"lazy\" width=\"192\" height=\"268\" src=\"https:\/\/dpbio.umons.ac.be\/app\/uploads\/2022\/09\/Felice.jpg\" alt=\"\" class=\"wp-image-239\"\/><figcaption>F\u00e9lic\u00e9 Mastroleo<\/figcaption><\/figure><\/div>\n\n\n<p>\u201cApr\u00e8s une th\u00e8se de doctorat en Biologie obtenue en 2009 \u00e0 l\u2019UMONS et ce, gr\u00e2ce \u00e0 une bourse du Centre d\u2019Etude de l\u2019Energie Nucl\u00e9aire (SCK-CEN) de Mol, j\u2019ai continu\u00e9 comme post-doc au sein du centre et depuis le mois de juillet 2010, j\u2019ai la chance d\u2019avoir obtenu un poste de chercheur fixe au sein du laboratoire de Microbiologie du Centre SCK-CEN. A c\u00f4t\u00e9 de la recherche en laboratoire, qui reste primordiale, mon travail s\u2019\u00e9tend maintenant \u00e0 l\u2019\u00e9criture et la gestion de projets dans le domaine de la microbiologie fondamentale et appliqu\u00e9e \u00e0 la recherche spatiale.\u201d<\/p>\n\n\n\n<p>    <\/p>\n\n\n\n<p><\/p>\n\n\n\n<p><strong>Amandine Czajkowski<\/strong><br>\u00e9tudiante de 1er Bachelier en Biologie (2009-2010).<\/p>\n\n\n<div class=\"wp-block-image\">\n<figure class=\"aligncenter size-full\"><img decoding=\"async\" loading=\"lazy\" width=\"221\" height=\"300\" src=\"https:\/\/dpbio.umons.ac.be\/app\/uploads\/2022\/09\/Amandine-221x300-1.jpg\" alt=\"\" class=\"wp-image-241\"\/><figcaption>Amandine Czajkowski<\/figcaption><\/figure><\/div>\n\n\n<p>\u201cJ\u2019ai choisi de suivre des \u00e9tudes universitaires \u00e0 l\u2019UMONS pour l\u2019enseignement de qualit\u00e9 qui y est dispens\u00e9 et pour sa proximit\u00e9. Les sciences m\u2019ont toujours int\u00e9ress\u00e9, particuli\u00e8rement la biologie. Pour moi, l\u2019\u00e9tude du vivant est synonyme d\u2019\u00e9merveillement. Et tenter d\u2019en comprendre les m\u00e9canismes me semble \u00eatre le plus beau m\u00e9tier qui existe. De plus, la biologie offre la possibilit\u00e9 de voyager, de travailler sur le terrain aussi bien qu\u2019en laboratoire. Les d\u00e9bouch\u00e9s sont vari\u00e9s. C\u2019est donc sans h\u00e9sitation que j\u2019ai opt\u00e9 pour ces \u00e9tudes. Evidemment, la premi\u00e8re ann\u00e9e est le cap. La transition secondaire-universit\u00e9 n\u00e9cessite un certain temps d\u2019adaptation. Les cours sont pr\u00e9sent\u00e9s diff\u00e9remment, le volume de travail est plus important, et la libert\u00e9 de le g\u00e9rer comme bon nous semble est d\u00e9stabilisante. De plus, il est difficile d\u2019\u00e9valuer sa ma\u00eetrise de la mati\u00e8re avant les examens. N\u00e9anmoins, l\u2019universit\u00e9 met tout en place pour faciliter cette transition, par exemple par le biais du CICO (Centre d\u2019Information, de Conseils et d\u2019Orientation). En outre, cette premi\u00e8re ann\u00e9e permet de rencontrer de nombreuses personnes extraordinaires qui rendent cette ann\u00e9e marquante, voire inoubliable.\u201d<\/p>\n\n\n\n<p><strong>Delphine HAESSAERT<\/strong><br>Docteur en Biologie de l\u2019UMONS.<\/p>\n\n\n<div class=\"wp-block-image\">\n<figure class=\"aligncenter size-full\"><img decoding=\"async\" loading=\"lazy\" width=\"199\" height=\"263\" src=\"https:\/\/dpbio.umons.ac.be\/app\/uploads\/2022\/09\/Delphine.jpg\" alt=\"\" class=\"wp-image-242\"\/><figcaption>Delphine Haessaert<\/figcaption><\/figure><\/div>\n\n\n<p>\u201cApr\u00e8s 5 ans de doctorat au Laboratoire de Biologie marine de l\u2019UMONS, \u00e0 travailler sur la probl\u00e9matique de l\u2019adh\u00e9rence de certains organismes (\u00e9toiles de mer) en milieu marin, c\u2019est dans le secteur des m\u00e9taux non ferreux que j\u2019ai d\u00e9croch\u00e9 mon premier boulot. La description de fonction s\u2019int\u00e9ressait surtout \u00e0 la R\u00e9glementation environnementale europ\u00e9enne sur l\u2019eau, les \u00e9valuations de risques et certains aspects li\u00e9s \u00e0 l\u2019\u00e9cotoxicologie. Depuis avril 2006, je travaille pour l\u2019International Zinc Association, une A.I.S.B.L. financ\u00e9e par le secteur industriel. Ma fonction consiste \u00e0 travailler sur des projets li\u00e9s \u00e0 l\u2019impl\u00e9mentation de certaines directives ou r\u00e9glementations europ\u00e9ennes en mati\u00e8re de risques pour l\u2019environnement (Risk Assessment, Directive Cadre sur l\u2019Eau, REACH, \u2026). Ces projets ont toujours plusieurs facettes : communication, recherche scientifique et l\u00e9gislation.\u201d<\/p>\n","protected":false},"excerpt":{"rendered":"<p>Georgiy JEGOULOVMaster sp\u00e9cialis\u00e9 Industrie (promotion 2013 \u2013 2014) Lorsque j\u2019ai entam\u00e9 ma derni\u00e8re ann\u00e9e de master au sein de l\u2019UMONS en 2014, il m\u2019est apparu \u00e9vident que la meilleure chose \u00e0 faire pour terminer des \u00e9tudes scientifiques \u00e9tait de se confronter au travail journalier d\u2019un scientifique en industrie. J\u2019ai donc opt\u00e9 un master qui me &hellip; <a href=\"https:\/\/dpbio.umons.ac.be\/?page_id=49\" class=\"more-link\">Continue reading <span class=\"screen-reader-text\">T\u00e9moignages<\/span> <span class=\"meta-nav\">&rarr;<\/span><\/a><\/p>\n","protected":false},"author":2,"featured_media":0,"parent":0,"menu_order":0,"comment_status":"closed","ping_status":"closed","template":"","meta":[],"_links":{"self":[{"href":"https:\/\/dpbio.umons.ac.be\/index.php?rest_route=\/wp\/v2\/pages\/49"}],"collection":[{"href":"https:\/\/dpbio.umons.ac.be\/index.php?rest_route=\/wp\/v2\/pages"}],"about":[{"href":"https:\/\/dpbio.umons.ac.be\/index.php?rest_route=\/wp\/v2\/types\/page"}],"author":[{"embeddable":true,"href":"https:\/\/dpbio.umons.ac.be\/index.php?rest_route=\/wp\/v2\/users\/2"}],"replies":[{"embeddable":true,"href":"https:\/\/dpbio.umons.ac.be\/index.php?rest_route=%2Fwp%2Fv2%2Fcomments&post=49"}],"version-history":[{"count":10,"href":"https:\/\/dpbio.umons.ac.be\/index.php?rest_route=\/wp\/v2\/pages\/49\/revisions"}],"predecessor-version":[{"id":243,"href":"https:\/\/dpbio.umons.ac.be\/index.php?rest_route=\/wp\/v2\/pages\/49\/revisions\/243"}],"wp:attachment":[{"href":"https:\/\/dpbio.umons.ac.be\/index.php?rest_route=%2Fwp%2Fv2%2Fmedia&parent=49"}],"curies":[{"name":"wp","href":"https:\/\/api.w.org\/{rel}","templated":true}]}}