{"id":86,"date":"2022-08-05T15:31:32","date_gmt":"2022-08-05T13:31:32","guid":{"rendered":"https:\/\/dpbio.umons.ac.be\/?page_id=86"},"modified":"2022-08-05T15:31:32","modified_gmt":"2022-08-05T13:31:32","slug":"tutorat","status":"publish","type":"page","link":"https:\/\/dpbio.umons.ac.be\/?page_id=86","title":{"rendered":"Tutorat"},"content":{"rendered":"\n<p>Chaque ann\u00e9e, une dizaine de jours de tutorat sont organis\u00e9s pour aider les \u00e9tudiants de premi\u00e8re ann\u00e9e qui ont une seconde session. En <strong>2016<\/strong>, le tutorat s\u2019est d\u00e9roul\u00e9 du 27\u00a0 juillet au 10 ao\u00fbt (weekends exclus).<br>Pour y participer, envoyez un email avant le 15 juillet \u00e0 : sciences.tutorat@umons.ac.be avec <em>imp\u00e9rativement<\/em> les informations suivantes :<br>\u2013 votre nom et pr\u00e9nom;<br>\u2013 votre section (bio, chimie, info, math, phys);<br>\u2013 les cours pour lesquels vous d\u00e9sirez de l\u2019aide;<br>\u2013 les jours auxquels vous participerez.<br>Des boissons et sandwishes seront offerts \u00e0 midi.<br>PAF : 10\u20ac par jour (boursiers et exon\u00e9r\u00e9s partiels : gratuit).<br>Apr\u00e8s le 20 juillet, l\u2019horaire ainsi que les modalit\u00e9s de payement seront communiqu\u00e9s par email aux \u00e9tudiants inscrits.<\/p>\n","protected":false},"excerpt":{"rendered":"<p>Chaque ann\u00e9e, une dizaine de jours de tutorat sont organis\u00e9s pour aider les \u00e9tudiants de premi\u00e8re ann\u00e9e qui ont une seconde session. En 2016, le tutorat s\u2019est d\u00e9roul\u00e9 du 27\u00a0 juillet au 10 ao\u00fbt (weekends exclus).Pour y participer, envoyez un email avant le 15 juillet \u00e0 : sciences.tutorat@umons.ac.be avec imp\u00e9rativement les informations suivantes :\u2013 votre &hellip; <a href=\"https:\/\/dpbio.umons.ac.be\/?page_id=86\" class=\"more-link\">Continue reading <span class=\"screen-reader-text\">Tutorat<\/span> <span class=\"meta-nav\">&rarr;<\/span><\/a><\/p>\n","protected":false},"author":2,"featured_media":0,"parent":0,"menu_order":0,"comment_status":"closed","ping_status":"closed","template":"","meta":[],"_links":{"self":[{"href":"https:\/\/dpbio.umons.ac.be\/index.php?rest_route=\/wp\/v2\/pages\/86"}],"collection":[{"href":"https:\/\/dpbio.umons.ac.be\/index.php?rest_route=\/wp\/v2\/pages"}],"about":[{"href":"https:\/\/dpbio.umons.ac.be\/index.php?rest_route=\/wp\/v2\/types\/page"}],"author":[{"embeddable":true,"href":"https:\/\/dpbio.umons.ac.be\/index.php?rest_route=\/wp\/v2\/users\/2"}],"replies":[{"embeddable":true,"href":"https:\/\/dpbio.umons.ac.be\/index.php?rest_route=%2Fwp%2Fv2%2Fcomments&post=86"}],"version-history":[{"count":1,"href":"https:\/\/dpbio.umons.ac.be\/index.php?rest_route=\/wp\/v2\/pages\/86\/revisions"}],"predecessor-version":[{"id":87,"href":"https:\/\/dpbio.umons.ac.be\/index.php?rest_route=\/wp\/v2\/pages\/86\/revisions\/87"}],"wp:attachment":[{"href":"https:\/\/dpbio.umons.ac.be\/index.php?rest_route=%2Fwp%2Fv2%2Fmedia&parent=86"}],"curies":[{"name":"wp","href":"https:\/\/api.w.org\/{rel}","templated":true}]}}