{"id":89,"date":"2022-08-05T15:34:05","date_gmt":"2022-08-05T13:34:05","guid":{"rendered":"https:\/\/dpbio.umons.ac.be\/?page_id=89"},"modified":"2022-08-05T15:35:40","modified_gmt":"2022-08-05T13:35:40","slug":"mobilite-et-erasmus","status":"publish","type":"page","link":"https:\/\/dpbio.umons.ac.be\/?page_id=89","title":{"rendered":"Mobilit\u00e9 et ERASMUS"},"content":{"rendered":"\n<p>Concernant les <strong>cours th\u00e9oriques<\/strong>, la mobilit\u00e9 est d\u00e9j\u00e0 possible <strong>\u00e0 partir de la 2e ann\u00e9e d\u2019\u00e9tudes<\/strong> : les programmes de mobilit\u00e9 \u00e9tudiante (Erasmus+) vous permettent de passer de trois mois \u00e0 une ann\u00e9e acad\u00e9mique dans un autre \u00e9tablissement d\u2019enseignement sup\u00e9rieur en Europe, au Canada, aux USA, etc. Ces programmes vous permettent d\u2019\u00e9largir votre horizon culturel et d\u2019am\u00e9liorer votre connaissance des langues. Contrairement au simple stage, un rapport n\u2019est pas demand\u00e9 mais l\u2019\u00e9tudiant devra passer l\u2019examen du cours suivit sur place (et pourra ensuite b\u00e9n\u00e9ficier du nombre d\u2019ECTS correspondant au cours).<\/p>\n\n\n\n<p><strong>A partir de la premi\u00e8re ann\u00e9e de Master (MA-1)<\/strong>, les \u00e9tudiants peuvent effectuer des <strong>stages pratiques<\/strong> \u00e0 l\u2019ext\u00e9rieur de l\u2019universit\u00e9, en Belgique ou dans un autre pays. Tout a \u00e9t\u00e9 mis en oeuvre afin que les \u00e9tudiants en Master-1 puissent partir <strong>au moins trois mois<\/strong> pour effectuer <strong>un stage pratique<\/strong> dans un laboratoire \u00e9tranger. C\u2019est ce qui est appel\u00e9 la <strong>mobilit\u00e9 OUT <\/strong>dans le programme d\u2019\u00e9tudes. Plus de d\u00e9tails <a href=\"https:\/\/hosting.umons.ac.be\/php\/dpbio\/?page_id=870\">ici<\/a>.<\/p>\n\n\n\n<p>Concernant les cours th\u00e9oriques, voici la <a href=\"http:\/\/portail.umons.ac.be\/FR\/universite\/admin\/aff_academiques\/international\/politiqueinternationale\/Pages\/Accordsconclus.aspx\">liste des institutions d\u2019accueil \u00e9trang\u00e8res<\/a> avec lesquelles l\u2019Universit\u00e9 de Mons poss\u00e8de d\u00e9j\u00e0 des accords bilat\u00e9raux dans le cadre du programme Erasmus+&nbsp; (18 universit\u00e9s d\u2019accueil pour la Facult\u00e9 des Sciences). En d\u2019autres termes, l\u2019\u00e9tudiant pourra b\u00e9n\u00e9ficier du programme Erasmus+ <strong>pour suivre des cours \u00e0 l\u2019\u00e9tranger<\/strong> et ce \u00e0 partir de sa 2e ann\u00e9e d\u2019\u00e9tude (BAC-2).<\/p>\n\n\n\n<p>Le service des relations internationales de l\u2019UMons vous informe sur les diff\u00e9rents programmes offerts et vous aide dans la pr\u00e9paration de votre dossier (choix du pays et de l\u2019universit\u00e9 d\u2019accueil\u2026). Il g\u00e8re les aspects administratifs des s\u00e9jours : calcul du montant des bourses, suivi des dossiers, aide dans les contacts avec l\u2019institution d\u2019accueil\u2026<\/p>\n\n\n\n<p>Pour voir les stages actuellement disponibles \u00e0 l\u2019\u00e9tranger vous pouvez utiliser le site web <a href=\"http:\/\/erasmusintern.org\/\">ERASMUSINTERN<\/a> (cliquez sur Internships).<\/p>\n\n\n\n<h5>Conditions pour participer aux programmes de mobilit\u00e9 :<\/h5>\n\n\n\n<ul><li>\u00eatre r\u00e9guli\u00e8rement inscrit \u00e0 l\u2019UMONS ;<\/li><li>les \u00e9tudiants de premi\u00e8re ann\u00e9e ne sont pas admis ;<\/li><li>le s\u00e9jour doit avoir une dur\u00e9e minimum 3 mois et maximum 1 an ;<\/li><li>\u00eatre ressortissant (ou avoir le statut de r\u00e9sident permanent ou de r\u00e9fugi\u00e9) d\u2019un des pays participant au programme ERASMUS (pour le programme ERASMUS uniquement);<\/li><li>\u00eatre s\u00e9lectionn\u00e9 par sa facult\u00e9, \u00e9cole ou institut.<\/li><\/ul>\n\n\n\n<p>Pour plus d\u2019informations voir <a href=\"http:\/\/portail.umons.ac.be\/FR\/universite\/admin\/aff_academiques\/international\/pgmmobilite\/Pages\/EtudiantsOUTGOING.aspx\">ici<\/a>.<\/p>\n\n\n\n<p><strong>Bourses ARES de mobilit\u00e9<\/strong><\/p>\n\n\n\n<p>Vous \u00eates \u00e9tudiant\u00b7e ?<\/p>\n\n\n\n<p>Vous souhaitez effectuer un stage dans un pays en d\u00e9veloppement ?<\/p>\n\n\n\n<p>Votre travail de fin d\u2019\u00e9tudes est en lien avec une probl\u00e9matique de d\u00e9veloppement et vous rendre sur place serait un plus non n\u00e9gligeable, par exemple pour r\u00e9colter des donn\u00e9es ?<\/p>\n\n\n\n<p>Une <a href=\"https:\/\/www.ares-ac.be\/fr\/cooperation-au-developpement\/bourses\/bourses-de-voyage\">bourse de voyage de l\u2019ARES<\/a> peut vous aider \u00e0 concr\u00e9tiser un s\u00e9jour dans un pays en d\u00e9veloppement.<\/p>\n","protected":false},"excerpt":{"rendered":"<p>Concernant les cours th\u00e9oriques, la mobilit\u00e9 est d\u00e9j\u00e0 possible \u00e0 partir de la 2e ann\u00e9e d\u2019\u00e9tudes : les programmes de mobilit\u00e9 \u00e9tudiante (Erasmus+) vous permettent de passer de trois mois \u00e0 une ann\u00e9e acad\u00e9mique dans un autre \u00e9tablissement d\u2019enseignement sup\u00e9rieur en Europe, au Canada, aux USA, etc. Ces programmes vous permettent d\u2019\u00e9largir votre horizon culturel &hellip; <a href=\"https:\/\/dpbio.umons.ac.be\/?page_id=89\" class=\"more-link\">Continue reading <span class=\"screen-reader-text\">Mobilit\u00e9 et ERASMUS<\/span> <span class=\"meta-nav\">&rarr;<\/span><\/a><\/p>\n","protected":false},"author":2,"featured_media":0,"parent":0,"menu_order":0,"comment_status":"closed","ping_status":"closed","template":"","meta":[],"_links":{"self":[{"href":"https:\/\/dpbio.umons.ac.be\/index.php?rest_route=\/wp\/v2\/pages\/89"}],"collection":[{"href":"https:\/\/dpbio.umons.ac.be\/index.php?rest_route=\/wp\/v2\/pages"}],"about":[{"href":"https:\/\/dpbio.umons.ac.be\/index.php?rest_route=\/wp\/v2\/types\/page"}],"author":[{"embeddable":true,"href":"https:\/\/dpbio.umons.ac.be\/index.php?rest_route=\/wp\/v2\/users\/2"}],"replies":[{"embeddable":true,"href":"https:\/\/dpbio.umons.ac.be\/index.php?rest_route=%2Fwp%2Fv2%2Fcomments&post=89"}],"version-history":[{"count":2,"href":"https:\/\/dpbio.umons.ac.be\/index.php?rest_route=\/wp\/v2\/pages\/89\/revisions"}],"predecessor-version":[{"id":92,"href":"https:\/\/dpbio.umons.ac.be\/index.php?rest_route=\/wp\/v2\/pages\/89\/revisions\/92"}],"wp:attachment":[{"href":"https:\/\/dpbio.umons.ac.be\/index.php?rest_route=%2Fwp%2Fv2%2Fmedia&parent=89"}],"curies":[{"name":"wp","href":"https:\/\/api.w.org\/{rel}","templated":true}]}}